{"id":4461,"date":"2024-01-05T11:15:15","date_gmt":"2024-01-05T10:15:15","guid":{"rendered":"https:\/\/lhardy.com\/?page_id=4461"},"modified":"2025-02-03T12:00:26","modified_gmt":"2025-02-03T11:00:26","slug":"give-away-lhardy","status":"publish","type":"page","link":"https:\/\/lhardy.com\/en\/give-away-lhardy\/","title":{"rendered":"GIFT"},"content":{"rendered":"\t\t<div data-elementor-type=\"wp-page\" data-elementor-id=\"4461\" class=\"elementor elementor-4461 elementor-4301\" data-elementor-post-type=\"page\">\n\t\t\t\t\t\t<section class=\"elementor-section elementor-top-section elementor-element elementor-element-ff27640 elementor-section-boxed elementor-section-height-default elementor-section-height-default\" data-id=\"ff27640\" data-element_type=\"section\">\n\t\t\t\t\t\t<div class=\"elementor-container elementor-column-gap-default\">\n\t\t\t\t\t<div class=\"elementor-column elementor-col-100 elementor-top-column elementor-element elementor-element-05d79d7\" data-id=\"05d79d7\" data-element_type=\"column\">\n\t\t\t<div class=\"elementor-widget-wrap\">\n\t\t\t\t\t\t\t<\/div>\n\t\t<\/div>\n\t\t\t\t\t<\/div>\n\t\t<\/section>\n\t\t\t\t<section class=\"elementor-section elementor-top-section elementor-element elementor-element-6c741bd elementor-section-boxed elementor-section-height-default elementor-section-height-default\" data-id=\"6c741bd\" data-element_type=\"section\">\n\t\t\t\t\t\t<div class=\"elementor-container elementor-column-gap-default\">\n\t\t\t\t\t<div class=\"elementor-column elementor-col-100 elementor-top-column elementor-element elementor-element-71ae261\" data-id=\"71ae261\" data-element_type=\"column\">\n\t\t\t<div class=\"elementor-widget-wrap elementor-element-populated\">\n\t\t\t\t\t\t<section class=\"elementor-section elementor-inner-section elementor-element elementor-element-7672029 elementor-section-boxed elementor-section-height-default elementor-section-height-default\" data-id=\"7672029\" data-element_type=\"section\">\n\t\t\t\t\t\t<div class=\"elementor-container elementor-column-gap-default\">\n\t\t\t\t\t<div class=\"elementor-column elementor-col-50 elementor-inner-column elementor-element elementor-element-56222b5\" data-id=\"56222b5\" data-element_type=\"column\">\n\t\t\t<div class=\"elementor-widget-wrap\">\n\t\t\t\t\t\t\t<\/div>\n\t\t<\/div>\n\t\t\t\t<div class=\"elementor-column elementor-col-50 elementor-inner-column elementor-element elementor-element-5802b5f\" data-id=\"5802b5f\" data-element_type=\"column\">\n\t\t\t<div class=\"elementor-widget-wrap\">\n\t\t\t\t\t\t\t<\/div>\n\t\t<\/div>\n\t\t\t\t\t<\/div>\n\t\t<\/section>\n\t\t\t\t<section class=\"elementor-section elementor-inner-section elementor-element elementor-element-230d7a6 elementor-section-boxed elementor-section-height-default elementor-section-height-default\" data-id=\"230d7a6\" data-element_type=\"section\">\n\t\t\t\t\t\t<div class=\"elementor-container elementor-column-gap-default\">\n\t\t\t\t\t<div class=\"elementor-column elementor-col-50 elementor-inner-column elementor-element elementor-element-28cb0c4\" data-id=\"28cb0c4\" data-element_type=\"column\">\n\t\t\t<div class=\"elementor-widget-wrap\">\n\t\t\t\t\t\t\t<\/div>\n\t\t<\/div>\n\t\t\t\t<div class=\"elementor-column elementor-col-50 elementor-inner-column elementor-element elementor-element-b454456\" data-id=\"b454456\" data-element_type=\"column\">\n\t\t\t<div class=\"elementor-widget-wrap\">\n\t\t\t\t\t\t\t<\/div>\n\t\t<\/div>\n\t\t\t\t\t<\/div>\n\t\t<\/section>\n\t\t\t\t\t<\/div>\n\t\t<\/div>\n\t\t\t\t\t<\/div>\n\t\t<\/section>\n\t\t\t\t<section class=\"elementor-section elementor-top-section elementor-element elementor-element-0961f94 elementor-section-boxed elementor-section-height-default elementor-section-height-default\" data-id=\"0961f94\" data-element_type=\"section\">\n\t\t\t\t\t\t<div class=\"elementor-container elementor-column-gap-default\">\n\t\t\t\t\t<div class=\"elementor-column elementor-col-100 elementor-top-column elementor-element elementor-element-2c1ef3d\" data-id=\"2c1ef3d\" data-element_type=\"column\">\n\t\t\t<div class=\"elementor-widget-wrap elementor-element-populated\">\n\t\t\t\t\t\t<div class=\"elementor-element elementor-element-7ff6ddb elementor-widget elementor-widget-html\" data-id=\"7ff6ddb\" data-element_type=\"widget\" data-widget_type=\"html.default\">\n\t\t\t\t<div class=\"elementor-widget-container\">\n\t\t\t\t\t<script type=\"text\/javascript\" src=\"https:\/\/www.covermanager.com\/js\/iframeResizer.min.js\"><\/script><iframe\r\n                                                            title=\"Reservas\" src=\"https:\/\/www.covermanager.com\/eco\/buy_products\/Restaurante-Lhardy\/english\"\r\n                                                            frameborder=\"0\" height=\"550\" width=\"100%\" onload=\"iFrameResize();\"><\/iframe>\r\n\t\t\t\t<\/div>\n\t\t\t\t<\/div>\n\t\t\t\t<div class=\"elementor-element elementor-element-fde78be elementor-widget elementor-widget-heading\" data-id=\"fde78be\" data-element_type=\"widget\" data-widget_type=\"heading.default\">\n\t\t\t\t<div class=\"elementor-widget-container\">\n\t\t\t\t\t<h2 class=\"elementor-heading-title elementor-size-default\"><h2 data-elementor-setting-key=\"title\" data-pen-placeholder=\"Type Here...\" style=\"font-family: var( --e-global-typography-secondary-font-family ), Sans-serif;font-weight: var( --e-global-typography-secondary-font-weight );line-height: var( --e-global-typography-secondary-line-height );font-size: var( --e-global-typography-secondary-font-size );font-style: var( --e-global-typography-secondary-font-style );text-align: center\"> You can choose between two menus served to all table guests<span style=\"font-weight: 500;, arial, sans-serif;font-size: 20px\">.<\/span><br><\/h2><\/h2>\t\t\t\t<\/div>\n\t\t\t\t<\/div>\n\t\t\t\t<section class=\"elementor-section elementor-inner-section elementor-element elementor-element-7c09721 elementor-section-boxed elementor-section-height-default elementor-section-height-default\" data-id=\"7c09721\" data-element_type=\"section\">\n\t\t\t\t\t\t<div class=\"elementor-container elementor-column-gap-default\">\n\t\t\t\t\t<div class=\"elementor-column elementor-col-50 elementor-inner-column elementor-element elementor-element-eb20b36\" data-id=\"eb20b36\" data-element_type=\"column\">\n\t\t\t<div class=\"elementor-widget-wrap elementor-element-populated\">\n\t\t\t\t\t\t<div class=\"elementor-element elementor-element-7a889a2 elementor-widget elementor-widget-text-editor\" data-id=\"7a889a2\" data-element_type=\"widget\" data-widget_type=\"text-editor.default\">\n\t\t\t\t<div class=\"elementor-widget-container\">\n\t\t\t\t\t\t\t\t\t<h3><strong>GIFT LHARDY<\/strong><\/h3><p>Stew menu.<\/p><p>Bread and welcoming appetizer (beer, soft drink, vermouth, generosos <em>Lhardy<\/em>), to choose one per dinner.\u00a0<\/p><p><span style=\"color: var( --e-global-color-secondary );\">Additional drinks apart.\u00a0<\/span><\/p><p><strong style=\"color: var( --e-global-color-secondary );\">Our legendary <em>Lhardy<\/em> stew:\u00a0<\/strong><\/p><p>Soup with angel hair noodles, Brunete chickpea from our farm, cabbage and carrot from Caraba\u00f1a, potato from Granja de los Monjes, chorizo sausage from Le\u00f3n, black pudding from Valle de Ar\u00e1n, truffled sausage of porks from Euskal Txerri, Iberian bacon, Galician beef sausage, Galician cow marrow, Iberian ham from Huelva, crispy Iberian ear with <em>Lhardy<\/em> brava sauce (hot sauce), Iberian rib from Sierra of Villuercas and stuffed stew.<\/p><p>For finishing, Souffl\u00e9 <em>Lhardy<\/em>.<\/p>\t\t\t\t\t\t\t\t<\/div>\n\t\t\t\t<\/div>\n\t\t\t\t\t<\/div>\n\t\t<\/div>\n\t\t\t\t<div class=\"elementor-column elementor-col-50 elementor-inner-column elementor-element elementor-element-f698669\" data-id=\"f698669\" data-element_type=\"column\">\n\t\t\t<div class=\"elementor-widget-wrap elementor-element-populated\">\n\t\t\t\t\t\t<div class=\"elementor-element elementor-element-c119bb4 elementor-widget__width-initial elementor-widget elementor-widget-text-editor\" data-id=\"c119bb4\" data-element_type=\"widget\" data-widget_type=\"text-editor.default\">\n\t\t\t\t<div class=\"elementor-widget-container\">\n\t\t\t\t\t\t\t\t\t<h3><strong>GIFT LHARDY WITH WINE<\/strong><\/h3><p>Stew menu with wine.<\/p><p>Bread and welcoming appetizer (beer, soft drink, vermouth, generosos <em>Lhardy<\/em>), to choose one per dinner.\u00a0<\/p><p><span style=\"color: var( --e-global-color-secondary );\"><b>Included wines<\/b><\/span><\/p><p><span style=\"color: var( --e-global-color-secondary );\"><strong>White wine:<\/strong>\u00a0Cuv\u00e9e Lhardy Ra\u00fal P\u00e9rez (Le\u00f3n);\u00a0<strong>Red wine:<\/strong>\u00a0Cuv\u00e9e Lhardy Ra\u00fal P\u00e9rez (Le\u00f3n).\u00a0To choose one red or white wine bottle for every two dinners.<\/span><\/p><p><strong style=\"color: var( --e-global-color-secondary );\">Our legendary <em>Lhardy<\/em> stew:\u00a0<\/strong><\/p><p>Soup with angel hair noodles, Brunete chickpea from our farm, cabbage and carrot from Caraba\u00f1a, potato from Granja de los Monjes, chorizo sausage from Le\u00f3n, black pudding from Valle de Ar\u00e1n, truffled sausage of porks from Euskal Txerri, Iberian bacon, Galician beef sausage, Galician cow marrow, Iberian ham from Huelva, crispy Iberian ear with <em>Lhardy<\/em> brava sauce (hot sauce), Iberian rib from Sierra of Villuercas and stuffed stew.<\/p><p>For finishing, Souffl\u00e9 <em>Lhardy<\/em>.<\/p>\t\t\t\t\t\t\t\t<\/div>\n\t\t\t\t<\/div>\n\t\t\t\t\t<\/div>\n\t\t<\/div>\n\t\t\t\t\t<\/div>\n\t\t<\/section>\n\t\t\t\t\t<\/div>\n\t\t<\/div>\n\t\t\t\t\t<\/div>\n\t\t<\/section>\n\t\t\t\t<\/div>\n\t\t","protected":false},"excerpt":{"rendered":"<p>You can choose between two menus served to all table guests. GIFT LHARDY Stew menu. Bread and welcoming appetizer (beer, soft drink, vermouth, generosos Lhardy), to choose one per dinner.\u00a0 Additional drinks apart.\u00a0 Our legendary Lhardy stew:\u00a0 Soup with angel hair noodles, Brunete chickpea from our farm, cabbage and carrot from Caraba\u00f1a, potato from Granja [&hellip;]<\/p>\n","protected":false},"author":9,"featured_media":0,"parent":0,"menu_order":0,"comment_status":"closed","ping_status":"closed","template":"","meta":{"footnotes":""},"class_list":["post-4461","page","type-page","status-publish","hentry"],"yoast_head":"<!-- This site is optimized with the Yoast SEO plugin v24.2 - https:\/\/yoast.com\/wordpress\/plugins\/seo\/ -->\n<title>GIFT | Lhardy Restaurante<\/title>\n<meta name=\"description\" content=\"Give away Lhardy to your lovely ones.\" \/>\n<meta name=\"robots\" content=\"index, follow, max-snippet:-1, max-image-preview:large, max-video-preview:-1\" \/>\n<link rel=\"canonical\" href=\"https:\/\/lhardy.com\/en\/give-away-lhardy\/\" \/>\n<meta property=\"og:locale\" content=\"en_US\" \/>\n<meta property=\"og:type\" content=\"article\" \/>\n<meta property=\"og:title\" content=\"GIFT | Lhardy Restaurante\" \/>\n<meta property=\"og:description\" content=\"Give away Lhardy to your lovely ones.\" \/>\n<meta property=\"og:url\" content=\"https:\/\/lhardy.com\/en\/give-away-lhardy\/\" \/>\n<meta property=\"og:site_name\" content=\"Lhardy Restaurante\" \/>\n<meta property=\"article:modified_time\" content=\"2025-02-03T11:00:26+00:00\" \/>\n<meta name=\"twitter:card\" content=\"summary_large_image\" \/>\n<meta name=\"twitter:label1\" content=\"Est. reading time\" \/>\n\t<meta name=\"twitter:data1\" content=\"1 minute\" \/>\n<script type=\"application\/ld+json\" class=\"yoast-schema-graph\">{\"@context\":\"https:\/\/schema.org\",\"@graph\":[{\"@type\":\"WebPage\",\"@id\":\"https:\/\/lhardy.com\/en\/give-away-lhardy\/\",\"url\":\"https:\/\/lhardy.com\/en\/give-away-lhardy\/\",\"name\":\"GIFT | Lhardy Restaurante\",\"isPartOf\":{\"@id\":\"https:\/\/lhardy.com\/#website\"},\"datePublished\":\"2024-01-05T10:15:15+00:00\",\"dateModified\":\"2025-02-03T11:00:26+00:00\",\"description\":\"Give away Lhardy to your lovely ones.\",\"breadcrumb\":{\"@id\":\"https:\/\/lhardy.com\/en\/give-away-lhardy\/#breadcrumb\"},\"inLanguage\":\"en-US\",\"potentialAction\":[{\"@type\":\"ReadAction\",\"target\":[\"https:\/\/lhardy.com\/en\/give-away-lhardy\/\"]}]},{\"@type\":\"BreadcrumbList\",\"@id\":\"https:\/\/lhardy.com\/en\/give-away-lhardy\/#breadcrumb\",\"itemListElement\":[{\"@type\":\"ListItem\",\"position\":1,\"name\":\"Inicio\",\"item\":\"https:\/\/lhardy.com\/\"},{\"@type\":\"ListItem\",\"position\":2,\"name\":\"GIFT\"}]},{\"@type\":\"WebSite\",\"@id\":\"https:\/\/lhardy.com\/#website\",\"url\":\"https:\/\/lhardy.com\/\",\"name\":\"Lhardy Restaurante\",\"description\":\"Restaurante\",\"publisher\":{\"@id\":\"https:\/\/lhardy.com\/#organization\"},\"potentialAction\":[{\"@type\":\"SearchAction\",\"target\":{\"@type\":\"EntryPoint\",\"urlTemplate\":\"https:\/\/lhardy.com\/?s={search_term_string}\"},\"query-input\":{\"@type\":\"PropertyValueSpecification\",\"valueRequired\":true,\"valueName\":\"search_term_string\"}}],\"inLanguage\":\"en-US\"},{\"@type\":\"Organization\",\"@id\":\"https:\/\/lhardy.com\/#organization\",\"name\":\"Lhardy Restaurante\",\"url\":\"https:\/\/lhardy.com\/\",\"logo\":{\"@type\":\"ImageObject\",\"inLanguage\":\"en-US\",\"@id\":\"https:\/\/lhardy.com\/#\/schema\/logo\/image\/\",\"url\":\"https:\/\/lhardy.com\/wp-content\/uploads\/lhardy-restaurante-favicon.svg\",\"contentUrl\":\"https:\/\/lhardy.com\/wp-content\/uploads\/lhardy-restaurante-favicon.svg\",\"width\":214,\"height\":222,\"caption\":\"Lhardy Restaurante\"},\"image\":{\"@id\":\"https:\/\/lhardy.com\/#\/schema\/logo\/image\/\"}}]}<\/script>\n<!-- \/ Yoast SEO plugin. -->","yoast_head_json":{"title":"GIFT | Lhardy Restaurante","description":"Give away Lhardy to your lovely ones.","robots":{"index":"index","follow":"follow","max-snippet":"max-snippet:-1","max-image-preview":"max-image-preview:large","max-video-preview":"max-video-preview:-1"},"canonical":"https:\/\/lhardy.com\/en\/give-away-lhardy\/","og_locale":"en_US","og_type":"article","og_title":"GIFT | Lhardy Restaurante","og_description":"Give away Lhardy to your lovely ones.","og_url":"https:\/\/lhardy.com\/en\/give-away-lhardy\/","og_site_name":"Lhardy Restaurante","article_modified_time":"2025-02-03T11:00:26+00:00","twitter_card":"summary_large_image","twitter_misc":{"Est. reading time":"1 minute"},"schema":{"@context":"https:\/\/schema.org","@graph":[{"@type":"WebPage","@id":"https:\/\/lhardy.com\/en\/give-away-lhardy\/","url":"https:\/\/lhardy.com\/en\/give-away-lhardy\/","name":"GIFT | Lhardy Restaurante","isPartOf":{"@id":"https:\/\/lhardy.com\/#website"},"datePublished":"2024-01-05T10:15:15+00:00","dateModified":"2025-02-03T11:00:26+00:00","description":"Give away Lhardy to your lovely ones.","breadcrumb":{"@id":"https:\/\/lhardy.com\/en\/give-away-lhardy\/#breadcrumb"},"inLanguage":"en-US","potentialAction":[{"@type":"ReadAction","target":["https:\/\/lhardy.com\/en\/give-away-lhardy\/"]}]},{"@type":"BreadcrumbList","@id":"https:\/\/lhardy.com\/en\/give-away-lhardy\/#breadcrumb","itemListElement":[{"@type":"ListItem","position":1,"name":"Inicio","item":"https:\/\/lhardy.com\/"},{"@type":"ListItem","position":2,"name":"GIFT"}]},{"@type":"WebSite","@id":"https:\/\/lhardy.com\/#website","url":"https:\/\/lhardy.com\/","name":"Lhardy Restaurante","description":"Restaurante","publisher":{"@id":"https:\/\/lhardy.com\/#organization"},"potentialAction":[{"@type":"SearchAction","target":{"@type":"EntryPoint","urlTemplate":"https:\/\/lhardy.com\/?s={search_term_string}"},"query-input":{"@type":"PropertyValueSpecification","valueRequired":true,"valueName":"search_term_string"}}],"inLanguage":"en-US"},{"@type":"Organization","@id":"https:\/\/lhardy.com\/#organization","name":"Lhardy Restaurante","url":"https:\/\/lhardy.com\/","logo":{"@type":"ImageObject","inLanguage":"en-US","@id":"https:\/\/lhardy.com\/#\/schema\/logo\/image\/","url":"https:\/\/lhardy.com\/wp-content\/uploads\/lhardy-restaurante-favicon.svg","contentUrl":"https:\/\/lhardy.com\/wp-content\/uploads\/lhardy-restaurante-favicon.svg","width":214,"height":222,"caption":"Lhardy Restaurante"},"image":{"@id":"https:\/\/lhardy.com\/#\/schema\/logo\/image\/"}}]}},"_links":{"self":[{"href":"https:\/\/lhardy.com\/en\/wp-json\/wp\/v2\/pages\/4461","targetHints":{"allow":["GET"]}}],"collection":[{"href":"https:\/\/lhardy.com\/en\/wp-json\/wp\/v2\/pages"}],"about":[{"href":"https:\/\/lhardy.com\/en\/wp-json\/wp\/v2\/types\/page"}],"author":[{"embeddable":true,"href":"https:\/\/lhardy.com\/en\/wp-json\/wp\/v2\/users\/9"}],"replies":[{"embeddable":true,"href":"https:\/\/lhardy.com\/en\/wp-json\/wp\/v2\/comments?post=4461"}],"version-history":[{"count":40,"href":"https:\/\/lhardy.com\/en\/wp-json\/wp\/v2\/pages\/4461\/revisions"}],"predecessor-version":[{"id":5683,"href":"https:\/\/lhardy.com\/en\/wp-json\/wp\/v2\/pages\/4461\/revisions\/5683"}],"wp:attachment":[{"href":"https:\/\/lhardy.com\/en\/wp-json\/wp\/v2\/media?parent=4461"}],"curies":[{"name":"wp","href":"https:\/\/api.w.org\/{rel}","templated":true}]}}