{"id":1858,"date":"2021-11-04T14:06:27","date_gmt":"2021-11-04T13:06:27","guid":{"rendered":"https:\/\/lhardy.com\/contacto\/"},"modified":"2025-02-14T14:53:03","modified_gmt":"2025-02-14T13:53:03","slug":"contacto","status":"publish","type":"page","link":"https:\/\/lhardy.com\/en\/contacto\/","title":{"rendered":"Contact"},"content":{"rendered":"\t\t<div data-elementor-type=\"wp-page\" data-elementor-id=\"1858\" class=\"elementor elementor-1858 elementor-465\" data-elementor-post-type=\"page\">\n\t\t\t\t\t\t<section class=\"elementor-section elementor-top-section elementor-element elementor-element-2e718ee elementor-section-boxed elementor-section-height-default elementor-section-height-default\" data-id=\"2e718ee\" data-element_type=\"section\">\n\t\t\t\t\t\t<div class=\"elementor-container elementor-column-gap-wide\">\n\t\t\t\t\t<div class=\"elementor-column elementor-col-50 elementor-top-column elementor-element elementor-element-dfa2093\" data-id=\"dfa2093\" data-element_type=\"column\">\n\t\t\t<div class=\"elementor-widget-wrap elementor-element-populated\">\n\t\t\t\t\t\t<div class=\"elementor-element elementor-element-3137394 elementor-widget elementor-widget-heading\" data-id=\"3137394\" data-element_type=\"widget\" data-widget_type=\"heading.default\">\n\t\t\t\t<div class=\"elementor-widget-container\">\n\t\t\t\t\t<h1 class=\"elementor-heading-title elementor-size-default\"><br>Contact<\/h1>\t\t\t\t<\/div>\n\t\t\t\t<\/div>\n\t\t\t\t<div class=\"elementor-element elementor-element-7cd0024 elementor-icon-list--layout-traditional elementor-list-item-link-full_width elementor-widget elementor-widget-icon-list\" data-id=\"7cd0024\" data-element_type=\"widget\" data-widget_type=\"icon-list.default\">\n\t\t\t\t<div class=\"elementor-widget-container\">\n\t\t\t\t\t\t\t<ul class=\"elementor-icon-list-items\">\n\t\t\t\t\t\t\t<li class=\"elementor-icon-list-item\">\n\t\t\t\t\t\t\t\t\t\t\t<a href=\"https:\/\/www.google.es\/maps\/place\/Lhardy+Restaurante\/@40.4166259,-3.7035826,17z\/data=!3m2!4b1!5s0xd422880ea3454fd:0x2d143db0105b73f8!4m5!3m4!1s0xd42288114013ec3:0x13e1599e9dabcfdb!8m2!3d40.4166259!4d-3.7013886?hl=es&#038;authuser=0\" target=\"_blank\">\n\n\t\t\t\t\t\t\t\t\t\t\t<span class=\"elementor-icon-list-text\">c\/ carrera de san jer\u00f3nimo 8<br>28014 Madrid<\/span>\n\t\t\t\t\t\t\t\t\t\t\t<\/a>\n\t\t\t\t\t\t\t\t\t<\/li>\n\t\t\t\t\t\t\t\t<li class=\"elementor-icon-list-item\">\n\t\t\t\t\t\t\t\t\t\t\t<a href=\"tel:+34915213385\">\n\n\t\t\t\t\t\t\t\t\t\t\t<span class=\"elementor-icon-list-text\">T: (+34) 915 213 385<\/span>\n\t\t\t\t\t\t\t\t\t\t\t<\/a>\n\t\t\t\t\t\t\t\t\t<\/li>\n\t\t\t\t\t\t\t\t<li class=\"elementor-icon-list-item\">\n\t\t\t\t\t\t\t\t\t\t\t<a href=\"mailto:lhardy@lhardy.com\">\n\n\t\t\t\t\t\t\t\t\t\t\t<span class=\"elementor-icon-list-text\">e: lhardy@lhardy.com<\/span>\n\t\t\t\t\t\t\t\t\t\t\t<\/a>\n\t\t\t\t\t\t\t\t\t<\/li>\n\t\t\t\t\t\t<\/ul>\n\t\t\t\t\t\t<\/div>\n\t\t\t\t<\/div>\n\t\t\t\t<div class=\"elementor-element elementor-element-6cc6ef5 elementor-button-align-start elementor-widget elementor-widget-form\" data-id=\"6cc6ef5\" data-element_type=\"widget\" data-settings=\"{&quot;step_next_label&quot;:&quot;Siguiente&quot;,&quot;step_previous_label&quot;:&quot;Anterior&quot;,&quot;button_width&quot;:&quot;100&quot;,&quot;step_type&quot;:&quot;number_text&quot;,&quot;step_icon_shape&quot;:&quot;circle&quot;}\" data-widget_type=\"form.default\">\n\t\t\t\t<div class=\"elementor-widget-container\">\n\t\t\t\t\t\t\t<form class=\"elementor-form\" method=\"post\" name=\"Nuevo formulario\">\n\t\t\t<input type=\"hidden\" name=\"post_id\" value=\"1858\"\/>\n\t\t\t<input type=\"hidden\" name=\"form_id\" value=\"6cc6ef5\"\/>\n\t\t\t<input type=\"hidden\" name=\"referer_title\" value=\"Lhardy Restaurante\" \/>\n\n\t\t\t\n\t\t\t<div class=\"elementor-form-fields-wrapper elementor-labels-above\">\n\t\t\t\t\t\t\t\t<div class=\"elementor-field-type-text elementor-field-group elementor-column elementor-field-group-name elementor-col-100 elementor-field-required elementor-mark-required\">\n\t\t\t\t\t\t\t\t\t\t\t\t<label for=\"form-field-name\" class=\"elementor-field-label\">\n\t\t\t\t\t\t\t\tName\t\t\t\t\t\t\t<\/label>\n\t\t\t\t\t\t\t\t\t\t\t\t\t\t<input size=\"1\" type=\"text\" name=\"form_fields[name]\" id=\"form-field-name\" class=\"elementor-field elementor-size-sm  elementor-field-textual\" required=\"required\" aria-required=\"true\">\n\t\t\t\t\t\t\t\t\t\t\t<\/div>\n\t\t\t\t\t\t\t\t<div class=\"elementor-field-type-email elementor-field-group elementor-column elementor-field-group-email elementor-col-100 elementor-field-required elementor-mark-required\">\n\t\t\t\t\t\t\t\t\t\t\t\t<label for=\"form-field-email\" class=\"elementor-field-label\">\n\t\t\t\t\t\t\t\tEmail\t\t\t\t\t\t\t<\/label>\n\t\t\t\t\t\t\t\t\t\t\t\t\t\t<input size=\"1\" type=\"email\" name=\"form_fields[email]\" id=\"form-field-email\" class=\"elementor-field elementor-size-sm  elementor-field-textual\" required=\"required\" aria-required=\"true\">\n\t\t\t\t\t\t\t\t\t\t\t<\/div>\n\t\t\t\t\t\t\t\t<div class=\"elementor-field-type-textarea elementor-field-group elementor-column elementor-field-group-message elementor-col-100 elementor-field-required elementor-mark-required\">\n\t\t\t\t\t\t\t\t\t\t\t\t<label for=\"form-field-message\" class=\"elementor-field-label\">\n\t\t\t\t\t\t\t\tMessage\t\t\t\t\t\t\t<\/label>\n\t\t\t\t\t\t<textarea class=\"elementor-field-textual elementor-field  elementor-size-sm\" name=\"form_fields[message]\" id=\"form-field-message\" rows=\"4\" required=\"required\" aria-required=\"true\"><\/textarea>\t\t\t\t<\/div>\n\t\t\t\t\t\t\t\t<div class=\"elementor-field-type-acceptance elementor-field-group elementor-column elementor-field-group-field_59558f2 elementor-col-100 elementor-field-required elementor-mark-required\">\n\t\t\t\t\t\t\t<div class=\"elementor-field-subgroup\">\n\t\t\t<span class=\"elementor-field-option\">\n\t\t\t\t<input type=\"checkbox\" name=\"form_fields[field_59558f2]\" id=\"form-field-field_59558f2\" class=\"elementor-field elementor-size-sm  elementor-acceptance-field\" required=\"required\" aria-required=\"true\">\n\t\t\t\t<label for=\"form-field-field_59558f2\">I have read and accept the <a href=\u00a8https\/lhardy.com\/politica-de-privacidad\/\u00a8>Privacy Policy<\/a>.<\/label>\t\t\t<\/span>\n\t\t<\/div>\n\t\t\t\t\t\t<\/div>\n\t\t\t\t\t\t\t\t<div class=\"elementor-field-type-text\">\n\t\t\t\t\t<input size=\"1\" type=\"text\" name=\"form_fields[field_e98fb0f]\" id=\"form-field-field_e98fb0f\" class=\"elementor-field elementor-size-sm \" style=\"display:none !important;\">\t\t\t\t<\/div>\n\t\t\t\t\t\t\t\t<div class=\"elementor-field-group elementor-column elementor-field-type-submit elementor-col-100 e-form__buttons\">\n\t\t\t\t\t<button class=\"elementor-button elementor-size-sm\" type=\"submit\">\n\t\t\t\t\t\t<span class=\"elementor-button-content-wrapper\">\n\t\t\t\t\t\t\t\t\t\t\t\t\t\t\t\t\t\t\t\t\t\t<span class=\"elementor-button-text\">SEND<\/span>\n\t\t\t\t\t\t\t\t\t\t\t\t\t<\/span>\n\t\t\t\t\t<\/button>\n\t\t\t\t<\/div>\n\t\t\t<\/div>\n\t\t<\/form>\n\t\t\t\t\t\t<\/div>\n\t\t\t\t<\/div>\n\t\t\t\t\t<\/div>\n\t\t<\/div>\n\t\t\t\t<div class=\"elementor-column elementor-col-50 elementor-top-column elementor-element elementor-element-7541ff0\" data-id=\"7541ff0\" data-element_type=\"column\">\n\t\t\t<div class=\"elementor-widget-wrap elementor-element-populated\">\n\t\t\t\t\t\t<div class=\"elementor-element elementor-element-5c45fec elementor-widget elementor-widget-heading\" data-id=\"5c45fec\" data-element_type=\"widget\" data-widget_type=\"heading.default\">\n\t\t\t\t<div class=\"elementor-widget-container\">\n\t\t\t\t\t<h2 class=\"elementor-heading-title elementor-size-default\">Restaurant opening hours<\/h2>\t\t\t\t<\/div>\n\t\t\t\t<\/div>\n\t\t\t\t<div class=\"elementor-element elementor-element-5cc3e6b elementor-widget elementor-widget-text-editor\" data-id=\"5cc3e6b\" data-element_type=\"widget\" data-widget_type=\"text-editor.default\">\n\t\t\t\t<div class=\"elementor-widget-container\">\n\t\t\t\t\t\t\t\t\t<h2 data-elementor-setting-key=\"title\" data-pen-placeholder=\"Teclea aqu\u00ed...\" style=\"font-family: &quot;Aremia Regular&quot;, sans-serif; line-height: 1.2em; color: rgb(91, 34, 53); font-size: 1.5em; text-transform: uppercase; letter-spacing: 3px;\">RESTAURANT OPENING HOURS<\/h2>\t\t\t\t\t\t\t\t<\/div>\n\t\t\t\t<\/div>\n\t\t\t\t<div class=\"elementor-element elementor-element-6ebbdd1 elementor-widget elementor-widget-text-editor\" data-id=\"6ebbdd1\" data-element_type=\"widget\" data-widget_type=\"text-editor.default\">\n\t\t\t\t<div class=\"elementor-widget-container\">\n\t\t\t\t\t\t\t\t\t<p>Monday to Saturday from 1pm to 12am.<br \/>Sundays from 1pm to 4pm.<br \/>Sundays evenings closed.<\/p>\t\t\t\t\t\t\t\t<\/div>\n\t\t\t\t<\/div>\n\t\t\t\t<div class=\"elementor-element elementor-element-fbb09ae elementor-widget elementor-widget-heading\" data-id=\"fbb09ae\" data-element_type=\"widget\" data-widget_type=\"heading.default\">\n\t\t\t\t<div class=\"elementor-widget-container\">\n\t\t\t\t\t<h2 class=\"elementor-heading-title elementor-size-default\">Shop opening hours<\/h2>\t\t\t\t<\/div>\n\t\t\t\t<\/div>\n\t\t\t\t<div class=\"elementor-element elementor-element-a6161a3 elementor-widget elementor-widget-text-editor\" data-id=\"a6161a3\" data-element_type=\"widget\" data-widget_type=\"text-editor.default\">\n\t\t\t\t<div class=\"elementor-widget-container\">\n\t\t\t\t\t\t\t\t\t<p>Monday to Saturday from 9am to 11pm.<br \/>Sundays from 10am to 5pm.<\/p>\t\t\t\t\t\t\t\t<\/div>\n\t\t\t\t<\/div>\n\t\t\t\t<div class=\"elementor-element elementor-element-3dba3ca elementor-widget elementor-widget-google_maps\" data-id=\"3dba3ca\" data-element_type=\"widget\" data-widget_type=\"google_maps.default\">\n\t\t\t\t<div class=\"elementor-widget-container\">\n\t\t\t\t\t\t\t<div class=\"elementor-custom-embed\">\n\t\t\t<iframe loading=\"lazy\"\n\t\t\t\t\tsrc=\"https:\/\/maps.google.com\/maps?q=Lhardy&#038;t=m&#038;z=12&#038;output=embed&#038;iwloc=near\"\n\t\t\t\t\ttitle=\"Lhardy\"\n\t\t\t\t\taria-label=\"Lhardy\"\n\t\t\t><\/iframe>\n\t\t<\/div>\n\t\t\t\t\t\t<\/div>\n\t\t\t\t<\/div>\n\t\t\t\t\t<\/div>\n\t\t<\/div>\n\t\t\t\t\t<\/div>\n\t\t<\/section>\n\t\t\t\t<\/div>\n\t\t","protected":false},"excerpt":{"rendered":"<p>Contact c\/ carrera de san jer\u00f3nimo 828014 Madrid T: (+34) 915 213 385 e: lhardy@lhardy.com Restaurant opening hours RESTAURANT OPENING HOURS Monday to Saturday from 1pm to 12am.Sundays from 1pm to 4pm.Sundays evenings closed. Shop opening hours Monday to Saturday from 9am to 11pm.Sundays from 10am to 5pm.<\/p>\n","protected":false},"author":7,"featured_media":1781,"parent":0,"menu_order":0,"comment_status":"closed","ping_status":"closed","template":"","meta":{"footnotes":""},"class_list":["post-1858","page","type-page","status-publish","has-post-thumbnail","hentry"],"yoast_head":"<!-- This site is optimized with the Yoast SEO plugin v24.2 - https:\/\/yoast.com\/wordpress\/plugins\/seo\/ -->\n<title>Contact | Lhardy Restaurante<\/title>\n<meta name=\"description\" content=\"P\u00e1gina de contacto de Lhardy, Carrera de San Jer\u00f3nimo, 8 de Madrid, mediante tel\u00e9fono, correo o formulario, estaremos encantados de atenderle.\" \/>\n<meta name=\"robots\" content=\"index, follow, max-snippet:-1, max-image-preview:large, max-video-preview:-1\" \/>\n<link rel=\"canonical\" href=\"https:\/\/lhardy.com\/contacto\/\" \/>\n<meta property=\"og:locale\" content=\"en_US\" \/>\n<meta property=\"og:type\" content=\"article\" \/>\n<meta property=\"og:title\" content=\"Contact | Lhardy Restaurante\" \/>\n<meta property=\"og:description\" content=\"P\u00e1gina de contacto de Lhardy, Carrera de San Jer\u00f3nimo, 8 de Madrid, mediante tel\u00e9fono, correo o formulario, estaremos encantados de atenderle.\" \/>\n<meta property=\"og:url\" content=\"https:\/\/lhardy.com\/contacto\/\" \/>\n<meta property=\"og:site_name\" content=\"Lhardy Restaurante\" \/>\n<meta property=\"article:modified_time\" content=\"2025-02-14T13:53:03+00:00\" \/>\n<meta property=\"og:image\" content=\"https:\/\/lhardy.com\/wp-content\/uploads\/contacto-lhardy.jpeg\" \/>\n\t<meta property=\"og:image:width\" content=\"800\" \/>\n\t<meta property=\"og:image:height\" content=\"1200\" \/>\n\t<meta property=\"og:image:type\" content=\"image\/jpeg\" \/>\n<meta name=\"twitter:card\" content=\"summary_large_image\" \/>\n<meta name=\"twitter:label1\" content=\"Est. reading time\" \/>\n\t<meta name=\"twitter:data1\" content=\"1 minute\" \/>\n<script type=\"application\/ld+json\" class=\"yoast-schema-graph\">{\"@context\":\"https:\/\/schema.org\",\"@graph\":[{\"@type\":\"WebPage\",\"@id\":\"https:\/\/lhardy.com\/contacto\/\",\"url\":\"https:\/\/lhardy.com\/contacto\/\",\"name\":\"Contact | Lhardy Restaurante\",\"isPartOf\":{\"@id\":\"https:\/\/lhardy.com\/#website\"},\"primaryImageOfPage\":{\"@id\":\"https:\/\/lhardy.com\/contacto\/#primaryimage\"},\"image\":{\"@id\":\"https:\/\/lhardy.com\/contacto\/#primaryimage\"},\"thumbnailUrl\":\"https:\/\/lhardy.com\/wp-content\/uploads\/contacto-lhardy.jpeg\",\"datePublished\":\"2021-11-04T13:06:27+00:00\",\"dateModified\":\"2025-02-14T13:53:03+00:00\",\"description\":\"P\u00e1gina de contacto de Lhardy, Carrera de San Jer\u00f3nimo, 8 de Madrid, mediante tel\u00e9fono, correo o formulario, estaremos encantados de atenderle.\",\"breadcrumb\":{\"@id\":\"https:\/\/lhardy.com\/contacto\/#breadcrumb\"},\"inLanguage\":\"en-US\",\"potentialAction\":[{\"@type\":\"ReadAction\",\"target\":[\"https:\/\/lhardy.com\/contacto\/\"]}]},{\"@type\":\"ImageObject\",\"inLanguage\":\"en-US\",\"@id\":\"https:\/\/lhardy.com\/contacto\/#primaryimage\",\"url\":\"https:\/\/lhardy.com\/wp-content\/uploads\/contacto-lhardy.jpeg\",\"contentUrl\":\"https:\/\/lhardy.com\/wp-content\/uploads\/contacto-lhardy.jpeg\",\"width\":800,\"height\":1200},{\"@type\":\"BreadcrumbList\",\"@id\":\"https:\/\/lhardy.com\/contacto\/#breadcrumb\",\"itemListElement\":[{\"@type\":\"ListItem\",\"position\":1,\"name\":\"Inicio\",\"item\":\"https:\/\/lhardy.com\/\"},{\"@type\":\"ListItem\",\"position\":2,\"name\":\"Contact\"}]},{\"@type\":\"WebSite\",\"@id\":\"https:\/\/lhardy.com\/#website\",\"url\":\"https:\/\/lhardy.com\/\",\"name\":\"Lhardy Restaurante\",\"description\":\"Restaurante\",\"publisher\":{\"@id\":\"https:\/\/lhardy.com\/#organization\"},\"potentialAction\":[{\"@type\":\"SearchAction\",\"target\":{\"@type\":\"EntryPoint\",\"urlTemplate\":\"https:\/\/lhardy.com\/?s={search_term_string}\"},\"query-input\":{\"@type\":\"PropertyValueSpecification\",\"valueRequired\":true,\"valueName\":\"search_term_string\"}}],\"inLanguage\":\"en-US\"},{\"@type\":\"Organization\",\"@id\":\"https:\/\/lhardy.com\/#organization\",\"name\":\"Lhardy Restaurante\",\"url\":\"https:\/\/lhardy.com\/\",\"logo\":{\"@type\":\"ImageObject\",\"inLanguage\":\"en-US\",\"@id\":\"https:\/\/lhardy.com\/#\/schema\/logo\/image\/\",\"url\":\"https:\/\/lhardy.com\/wp-content\/uploads\/lhardy-restaurante-favicon.svg\",\"contentUrl\":\"https:\/\/lhardy.com\/wp-content\/uploads\/lhardy-restaurante-favicon.svg\",\"width\":214,\"height\":222,\"caption\":\"Lhardy Restaurante\"},\"image\":{\"@id\":\"https:\/\/lhardy.com\/#\/schema\/logo\/image\/\"}}]}<\/script>\n<!-- \/ Yoast SEO plugin. -->","yoast_head_json":{"title":"Contact | Lhardy Restaurante","description":"P\u00e1gina de contacto de Lhardy, Carrera de San Jer\u00f3nimo, 8 de Madrid, mediante tel\u00e9fono, correo o formulario, estaremos encantados de atenderle.","robots":{"index":"index","follow":"follow","max-snippet":"max-snippet:-1","max-image-preview":"max-image-preview:large","max-video-preview":"max-video-preview:-1"},"canonical":"https:\/\/lhardy.com\/contacto\/","og_locale":"en_US","og_type":"article","og_title":"Contact | Lhardy Restaurante","og_description":"P\u00e1gina de contacto de Lhardy, Carrera de San Jer\u00f3nimo, 8 de Madrid, mediante tel\u00e9fono, correo o formulario, estaremos encantados de atenderle.","og_url":"https:\/\/lhardy.com\/contacto\/","og_site_name":"Lhardy Restaurante","article_modified_time":"2025-02-14T13:53:03+00:00","og_image":[{"width":800,"height":1200,"url":"https:\/\/lhardy.com\/wp-content\/uploads\/contacto-lhardy.jpeg","type":"image\/jpeg"}],"twitter_card":"summary_large_image","twitter_misc":{"Est. reading time":"1 minute"},"schema":{"@context":"https:\/\/schema.org","@graph":[{"@type":"WebPage","@id":"https:\/\/lhardy.com\/contacto\/","url":"https:\/\/lhardy.com\/contacto\/","name":"Contact | Lhardy Restaurante","isPartOf":{"@id":"https:\/\/lhardy.com\/#website"},"primaryImageOfPage":{"@id":"https:\/\/lhardy.com\/contacto\/#primaryimage"},"image":{"@id":"https:\/\/lhardy.com\/contacto\/#primaryimage"},"thumbnailUrl":"https:\/\/lhardy.com\/wp-content\/uploads\/contacto-lhardy.jpeg","datePublished":"2021-11-04T13:06:27+00:00","dateModified":"2025-02-14T13:53:03+00:00","description":"P\u00e1gina de contacto de Lhardy, Carrera de San Jer\u00f3nimo, 8 de Madrid, mediante tel\u00e9fono, correo o formulario, estaremos encantados de atenderle.","breadcrumb":{"@id":"https:\/\/lhardy.com\/contacto\/#breadcrumb"},"inLanguage":"en-US","potentialAction":[{"@type":"ReadAction","target":["https:\/\/lhardy.com\/contacto\/"]}]},{"@type":"ImageObject","inLanguage":"en-US","@id":"https:\/\/lhardy.com\/contacto\/#primaryimage","url":"https:\/\/lhardy.com\/wp-content\/uploads\/contacto-lhardy.jpeg","contentUrl":"https:\/\/lhardy.com\/wp-content\/uploads\/contacto-lhardy.jpeg","width":800,"height":1200},{"@type":"BreadcrumbList","@id":"https:\/\/lhardy.com\/contacto\/#breadcrumb","itemListElement":[{"@type":"ListItem","position":1,"name":"Inicio","item":"https:\/\/lhardy.com\/"},{"@type":"ListItem","position":2,"name":"Contact"}]},{"@type":"WebSite","@id":"https:\/\/lhardy.com\/#website","url":"https:\/\/lhardy.com\/","name":"Lhardy Restaurante","description":"Restaurante","publisher":{"@id":"https:\/\/lhardy.com\/#organization"},"potentialAction":[{"@type":"SearchAction","target":{"@type":"EntryPoint","urlTemplate":"https:\/\/lhardy.com\/?s={search_term_string}"},"query-input":{"@type":"PropertyValueSpecification","valueRequired":true,"valueName":"search_term_string"}}],"inLanguage":"en-US"},{"@type":"Organization","@id":"https:\/\/lhardy.com\/#organization","name":"Lhardy Restaurante","url":"https:\/\/lhardy.com\/","logo":{"@type":"ImageObject","inLanguage":"en-US","@id":"https:\/\/lhardy.com\/#\/schema\/logo\/image\/","url":"https:\/\/lhardy.com\/wp-content\/uploads\/lhardy-restaurante-favicon.svg","contentUrl":"https:\/\/lhardy.com\/wp-content\/uploads\/lhardy-restaurante-favicon.svg","width":214,"height":222,"caption":"Lhardy Restaurante"},"image":{"@id":"https:\/\/lhardy.com\/#\/schema\/logo\/image\/"}}]}},"_links":{"self":[{"href":"https:\/\/lhardy.com\/en\/wp-json\/wp\/v2\/pages\/1858","targetHints":{"allow":["GET"]}}],"collection":[{"href":"https:\/\/lhardy.com\/en\/wp-json\/wp\/v2\/pages"}],"about":[{"href":"https:\/\/lhardy.com\/en\/wp-json\/wp\/v2\/types\/page"}],"author":[{"embeddable":true,"href":"https:\/\/lhardy.com\/en\/wp-json\/wp\/v2\/users\/7"}],"replies":[{"embeddable":true,"href":"https:\/\/lhardy.com\/en\/wp-json\/wp\/v2\/comments?post=1858"}],"version-history":[{"count":43,"href":"https:\/\/lhardy.com\/en\/wp-json\/wp\/v2\/pages\/1858\/revisions"}],"predecessor-version":[{"id":5764,"href":"https:\/\/lhardy.com\/en\/wp-json\/wp\/v2\/pages\/1858\/revisions\/5764"}],"wp:featuredmedia":[{"embeddable":true,"href":"https:\/\/lhardy.com\/en\/wp-json\/wp\/v2\/media\/1781"}],"wp:attachment":[{"href":"https:\/\/lhardy.com\/en\/wp-json\/wp\/v2\/media?parent=1858"}],"curies":[{"name":"wp","href":"https:\/\/api.w.org\/{rel}","templated":true}]}}